{"id":84,"date":"2014-12-21T22:08:36","date_gmt":"2014-12-21T21:08:36","guid":{"rendered":"http:\/\/wilhelmw.se\/fftm\/?page_id=84"},"modified":"2025-12-05T16:30:45","modified_gmt":"2025-12-05T15:30:45","slug":"annonsinfo","status":"publish","type":"page","link":"https:\/\/fftm.se\/blogg\/tidskriften\/annonsinfo\/","title":{"rendered":"Annonsinfo"},"content":{"rendered":"<p><a href=\"http:\/\/media.fftm.se\/2024\/11\/TM-4-2024-Omslag.jpg\"><img loading=\"lazy\" decoding=\"async\" class=\"size-medium wp-image-1967 alignright\" src=\"http:\/\/media.fftm.se\/2024\/11\/TM-4-2024-Omslag-212x300.jpg\" alt=\"\" width=\"212\" height=\"300\" srcset=\"http:\/\/media.fftm.se\/2024\/11\/TM-4-2024-Omslag-212x300.jpg 212w, http:\/\/media.fftm.se\/2024\/11\/TM-4-2024-Omslag.jpg 595w\" sizes=\"auto, (max-width: 212px) 100vw, 212px\" \/><\/a>Tidskriften Tidig Musik \u00e4r den enda tidskriften i Norden som fokuserar p\u00e5 tidig musik, det vill s\u00e4ga musiken fr\u00e5n antiken till den tidiga romantiken. Tidig Musik inneh\u00e5ller aktuella reportage, debatter, intervjuer och vetenskapliga artiklar samt information om konserter, festivaler och kurser. Tidskriften v\u00e4nder sig s\u00e5v\u00e4l till den som bara \u00e4r nyfiken p\u00e5 tidig musik som till den som har tidig musik som yrke. Tidskriften har en upplaga p\u00e5 800 exemplar och kommer ut med fyra nummer om \u00e5ret.<\/p>\n<p><strong>Tekniska uppgifter<\/strong><\/p>\n<ul>\n<li>Tidningsformat st\u00e5ende A4 (210 x 297 mm)<\/li>\n<li>Annonsmaterial som tryckf\u00e4rdig PDF, JPG eller PNG.<\/li>\n<li>Bilder levereras i minst 300 dpi med CMYK-f\u00e4rger.<\/li>\n<li>Utfallande: 4\u20135 mm sk\u00e4rsm\u00e5n p\u00e5 varje sida.<\/li>\n<\/ul>\n<p><strong>Det tillkommer ingen moms &#8211; Tidig Musik \u00e4r momsbefriad.<\/strong><\/p>\n\n<table id=\"tablepress-2\" class=\"tablepress tablepress-id-2\">\n<thead>\n<tr class=\"row-1\">\n\t<th colspan=\"2\" class=\"column-1\">Annonsformat och priser 2024<\/th><th class=\"column-3\">SEK<\/th>\n<\/tr>\n<\/thead>\n<tbody class=\"row-striping row-hover\">\n<tr class=\"row-2\">\n\t<td class=\"column-1\"><strong>Helsida <\/strong><\/td><td class=\"column-2\">177 x 251 mm, utfallande 210 x 297 mm + sk\u00e4rsm\u00e5n<\/td><td class=\"column-3\">8.000<\/td>\n<\/tr>\n<tr class=\"row-3\">\n\t<td class=\"column-1\"><strong>Omslagets baksida<\/strong><\/td><td class=\"column-2\">177 x 221 mm, utfallande 210 x 267 mm + sk\u00e4rsm\u00e5n<\/td><td class=\"column-3\">9.000<\/td>\n<\/tr>\n<tr class=\"row-4\">\n\t<td class=\"column-1\"><strong>Halvsida st\u00e5ende<\/strong><\/td><td class=\"column-2\">86 x 251 mm, utfallande 104 x 297 mm + sk\u00e4rsm\u00e5n<\/td><td class=\"column-3\">5.000<\/td>\n<\/tr>\n<tr class=\"row-5\">\n\t<td class=\"column-1\"><strong>Halvsida liggande<\/strong><\/td><td class=\"column-2\">177 x 123 mm, utfallande 210 x 146 mm + sk\u00e4rsm\u00e5n<\/td><td class=\"column-3\">5.000<\/td>\n<\/tr>\n<tr class=\"row-6\">\n\t<td class=\"column-1\"><strong>Kvartsida st\u00e5ende<\/strong><\/td><td class=\"column-2\">86 x 123 mm<\/td><td class=\"column-3\">3.000<\/td>\n<\/tr>\n<tr class=\"row-7\">\n\t<td class=\"column-1\"><strong>\u00c5ttondelssida liggande<\/strong><\/td><td class=\"column-2\">86 x 59 mm<\/td><td class=\"column-3\">1.500<\/td>\n<\/tr>\n<\/tbody>\n<\/table>\n<!-- #tablepress-2 from cache -->\n<p><strong><a href=\"http:\/\/media.fftm.se\/2025\/12\/annonsinfo_2026_sve.pdf\" target=\"_blank\" rel=\"noopener noreferrer\">Klicka h\u00e4r f\u00f6r fullst\u00e4ndig annonsinformation i PDF-format.<\/a><\/strong><\/p>\n<p><strong><a href=\"http:\/\/media.fftm.se\/2025\/12\/annonsinfo_2026_eng.pdf\">Advertising information in English.<\/a><\/strong><\/p>\n<p><strong>Rabatter<\/strong><br \/>\n10% vid bokning av 2\u20133 annonser<br \/>\n25% vid bokning av minst 4 annonser<\/p>\n<p><strong>F\u00f6r annonsbokning, kontakta:<\/strong><br \/>\nTidig Musik, Kristinehovsgatan 6, 117 29 Stockholm<br \/>\n<a title=\"annonser@tidigmusik.com\" href=\"mailto:annonser@tidigmusik.com\">annonser@tidigmusik.com<\/a><\/p>\n<p><em>Privatpersoner som vill s\u00e4tta\u00a0in radannonser i Tidig Musik g\u00f6r det enklast per e-post till <a href=\"mailto:kansli@tidigmusik.com\">kansli@tidigmusik.com<\/a>.<\/em><br \/>\n<em> En radannons \u00e4r gratis f\u00f6r medlemmar. Ej medlemmar betalar 50 kronor.<\/em><br \/>\n<em> Som medlem i Tidig Musik kan du dessutom sj\u00e4lv l\u00e4gga in radannonser via hemsidan om du loggar in.<\/em><\/p>\n","protected":false},"excerpt":{"rendered":"<p>Tidskriften Tidig Musik \u00e4r den enda tidskriften i Norden som fokuserar p\u00e5 tidig musik, det vill s\u00e4ga musiken fr\u00e5n antiken till den tidiga romantiken. Tidig Musik inneh\u00e5ller aktuella reportage, debatter, intervjuer och vetenskapliga artiklar samt information om konserter, festivaler och kurser. Tidskriften v\u00e4nder sig s\u00e5v\u00e4l till den som bara \u00e4r nyfiken p\u00e5 tidig musik som till den som har tidig musik som yrke. Tidskriften har en upplaga p\u00e5 800 exemplar och kommer ut med fyra nummer om \u00e5ret. Tekniska uppgifter Tidningsformat st\u00e5ende A4 (210 x 297 mm) Annonsmaterial som tryckf\u00e4rdig PDF, JPG eller PNG. Bilder levereras i minst 300 dpi<\/p>\n","protected":false},"author":5,"featured_media":0,"parent":78,"menu_order":4,"comment_status":"open","ping_status":"open","template":"annonsinfo.php","meta":{"_acf_changed":false,"_monsterinsights_skip_tracking":false,"_monsterinsights_sitenote_active":false,"_monsterinsights_sitenote_note":"","_monsterinsights_sitenote_category":0,"footnotes":""},"class_list":["post-84","page","type-page","status-publish","hentry"],"acf":[],"_links":{"self":[{"href":"https:\/\/fftm.se\/blogg\/wp-json\/wp\/v2\/pages\/84","targetHints":{"allow":["GET"]}}],"collection":[{"href":"https:\/\/fftm.se\/blogg\/wp-json\/wp\/v2\/pages"}],"about":[{"href":"https:\/\/fftm.se\/blogg\/wp-json\/wp\/v2\/types\/page"}],"author":[{"embeddable":true,"href":"https:\/\/fftm.se\/blogg\/wp-json\/wp\/v2\/users\/5"}],"replies":[{"embeddable":true,"href":"https:\/\/fftm.se\/blogg\/wp-json\/wp\/v2\/comments?post=84"}],"version-history":[{"count":36,"href":"https:\/\/fftm.se\/blogg\/wp-json\/wp\/v2\/pages\/84\/revisions"}],"predecessor-version":[{"id":2150,"href":"https:\/\/fftm.se\/blogg\/wp-json\/wp\/v2\/pages\/84\/revisions\/2150"}],"up":[{"embeddable":true,"href":"https:\/\/fftm.se\/blogg\/wp-json\/wp\/v2\/pages\/78"}],"wp:attachment":[{"href":"https:\/\/fftm.se\/blogg\/wp-json\/wp\/v2\/media?parent=84"}],"curies":[{"name":"wp","href":"https:\/\/api.w.org\/{rel}","templated":true}]}}