{"id":82,"date":"2014-12-21T22:07:28","date_gmt":"2014-12-21T21:07:28","guid":{"rendered":"http:\/\/wilhelmw.se\/fftm\/?page_id=82"},"modified":"2025-04-28T19:50:15","modified_gmt":"2025-04-28T18:50:15","slug":"har-finns-tidig-musik","status":"publish","type":"page","link":"https:\/\/fftm.se\/blogg\/tidskriften\/har-finns-tidig-musik\/","title":{"rendered":"H\u00e4r finns Tidig Musik"},"content":{"rendered":"<p>L\u00f6snummer kan best\u00e4llas fr\u00e5n v\u00e5rt kansli, <a href=\"mailto:kansli@tidigmusik.com\" target=\"_blank\" rel=\"noopener\">kansli@tidigmusik.com<\/a>. F\u00f6r information om \u00e4ldre exemplar, se <a href=\"https:\/\/www.fftm.se\/cgi-bin\/artikel\/artiklar.py\">artikelregistret<\/a>.<\/p>\n","protected":false},"excerpt":{"rendered":"<p>L\u00f6snummer kan best\u00e4llas fr\u00e5n v\u00e5rt kansli, kansli@tidigmusik.com. F\u00f6r information om \u00e4ldre exemplar, se artikelregistret.<\/p>\n","protected":false},"author":5,"featured_media":0,"parent":78,"menu_order":3,"comment_status":"open","ping_status":"open","template":"har-finns-tidig-musik~0.php","meta":{"_acf_changed":false,"_monsterinsights_skip_tracking":false,"_monsterinsights_sitenote_active":false,"_monsterinsights_sitenote_note":"","_monsterinsights_sitenote_category":0,"footnotes":""},"class_list":["post-82","page","type-page","status-publish","hentry"],"acf":[],"_links":{"self":[{"href":"https:\/\/fftm.se\/blogg\/wp-json\/wp\/v2\/pages\/82","targetHints":{"allow":["GET"]}}],"collection":[{"href":"https:\/\/fftm.se\/blogg\/wp-json\/wp\/v2\/pages"}],"about":[{"href":"https:\/\/fftm.se\/blogg\/wp-json\/wp\/v2\/types\/page"}],"author":[{"embeddable":true,"href":"https:\/\/fftm.se\/blogg\/wp-json\/wp\/v2\/users\/5"}],"replies":[{"embeddable":true,"href":"https:\/\/fftm.se\/blogg\/wp-json\/wp\/v2\/comments?post=82"}],"version-history":[{"count":6,"href":"https:\/\/fftm.se\/blogg\/wp-json\/wp\/v2\/pages\/82\/revisions"}],"predecessor-version":[{"id":1937,"href":"https:\/\/fftm.se\/blogg\/wp-json\/wp\/v2\/pages\/82\/revisions\/1937"}],"up":[{"embeddable":true,"href":"https:\/\/fftm.se\/blogg\/wp-json\/wp\/v2\/pages\/78"}],"wp:attachment":[{"href":"https:\/\/fftm.se\/blogg\/wp-json\/wp\/v2\/media?parent=82"}],"curies":[{"name":"wp","href":"https:\/\/api.w.org\/{rel}","templated":true}]}}