{"id":536,"date":"2014-12-09T20:28:55","date_gmt":"2014-12-09T19:28:55","guid":{"rendered":"http:\/\/wilhelmw.se\/fftm\/?page_id=7"},"modified":"2022-11-03T11:09:49","modified_gmt":"2022-11-03T10:09:49","slug":"kontakt","status":"publish","type":"page","link":"https:\/\/fftm.se\/blogg\/kontakt\/","title":{"rendered":"Kontakt"},"content":{"rendered":"\n<table id=\"tablepress-4\" class=\"tablepress tablepress-id-4\">\n<thead>\n<tr class=\"row-1\">\n\t<th class=\"column-1\">\u00c4ndam\u00e5l<\/th><th class=\"column-2\">Kontaktadress<\/th>\n<\/tr>\n<\/thead>\n<tbody class=\"row-striping row-hover\">\n<tr class=\"row-2\">\n\t<td class=\"column-1\">Privata radannonser i tidskriften Tidig Musik<\/td><td class=\"column-2\">kansli@tidigmusik.com<\/td>\n<\/tr>\n<tr class=\"row-3\">\n\t<td class=\"column-1\">Annonser (utom privata radannonser) i tidskriften Tidig Musik<\/td><td class=\"column-2\">annonser@tidigmusik.com<\/td>\n<\/tr>\n<tr class=\"row-4\">\n\t<td class=\"column-1\">Kalendariet i tidskriften Tidig Musik<\/td><td class=\"column-2\">kansli@tidigmusik.com<\/td>\n<\/tr>\n<tr class=\"row-5\">\n\t<td class=\"column-1\">Redaktionen f\u00f6r tidskriften Tidig Musik<\/td><td class=\"column-2\">red@tidigmusik.com<\/td>\n<\/tr>\n<tr class=\"row-6\">\n\t<td class=\"column-1\">Meddelanden till styrelsen<\/td><td class=\"column-2\">ordforande@tidigmusik.com<\/td>\n<\/tr>\n<tr class=\"row-7\">\n\t<td class=\"column-1\">Fr\u00e5gor om, synpunkter p\u00e5 och \u00f6nskem\u00e5l om hemsidan<\/td><td class=\"column-2\">hemsida@tidigmusik.com<\/td>\n<\/tr>\n<tr class=\"row-8\">\n\t<td class=\"column-1\">Medlemskap, prenumerationer, adress\u00e4ndringar etc.<\/td><td class=\"column-2\">kansli@tidigmusik.com<\/td>\n<\/tr>\n<tr class=\"row-9\">\n\t<td class=\"column-1\">\u00d6vrigt<\/td><td class=\"column-2\">info@tidigmusik.com<\/td>\n<\/tr>\n<\/tbody>\n<\/table>\n<!-- #tablepress-4 from cache -->\n","protected":false},"excerpt":{"rendered":"","protected":false},"author":5,"featured_media":0,"parent":0,"menu_order":0,"comment_status":"open","ping_status":"closed","template":"kontakt.php","meta":{"_acf_changed":false,"_monsterinsights_skip_tracking":false,"_monsterinsights_sitenote_active":false,"_monsterinsights_sitenote_note":"","_monsterinsights_sitenote_category":0,"footnotes":""},"class_list":["post-536","page","type-page","status-publish","hentry"],"acf":[],"_links":{"self":[{"href":"https:\/\/fftm.se\/blogg\/wp-json\/wp\/v2\/pages\/536","targetHints":{"allow":["GET"]}}],"collection":[{"href":"https:\/\/fftm.se\/blogg\/wp-json\/wp\/v2\/pages"}],"about":[{"href":"https:\/\/fftm.se\/blogg\/wp-json\/wp\/v2\/types\/page"}],"author":[{"embeddable":true,"href":"https:\/\/fftm.se\/blogg\/wp-json\/wp\/v2\/users\/5"}],"replies":[{"embeddable":true,"href":"https:\/\/fftm.se\/blogg\/wp-json\/wp\/v2\/comments?post=536"}],"version-history":[{"count":4,"href":"https:\/\/fftm.se\/blogg\/wp-json\/wp\/v2\/pages\/536\/revisions"}],"predecessor-version":[{"id":1726,"href":"https:\/\/fftm.se\/blogg\/wp-json\/wp\/v2\/pages\/536\/revisions\/1726"}],"wp:attachment":[{"href":"https:\/\/fftm.se\/blogg\/wp-json\/wp\/v2\/media?parent=536"}],"curies":[{"name":"wp","href":"https:\/\/api.w.org\/{rel}","templated":true}]}}