{"id":535,"date":"2014-12-09T20:28:46","date_gmt":"2014-12-09T19:28:46","guid":{"rendered":"http:\/\/wilhelmw.se\/fftm\/?page_id=5"},"modified":"2026-03-04T10:14:09","modified_gmt":"2026-03-04T09:14:09","slug":"prenumerera","status":"publish","type":"page","link":"https:\/\/fftm.se\/blogg\/prenumerera\/","title":{"rendered":"Prenumerera"},"content":{"rendered":"<p>Med samma anm\u00e4lan blir du medlem i F\u00f6reningen f\u00f6r Tidig Musik och f\u00e5r fyra nummer av tidskriften Tidig Musik. Fyll i formul\u00e4ret p\u00e5 denna sida, och betala d\u00e4refter medlemsavgiften p\u00e5 <strong>395 SEK<\/strong>\u00a0till Plus-Giro\u00a0<strong>834 98 45-1, <\/strong>ange ditt namn i kommentarsf\u00e4ltet. Du f\u00e5r ditt f\u00f6rsta nummer av\u00a0Tidig Musik s\u00e5 snart som vi f\u00e5tt din betalning.<\/p>\n<p><strong>Det h\u00e4r f\u00e5r du som medlem<\/strong><\/p>\n<ul>\n<li>Tidskriften Tidig Musik, 4 nummer\/\u00e5r, inklusive\u00a0information om sommarkurser i tidig musik runt om i Europa<\/li>\n<li>Tillg\u00e5ng till hemsidans medlemsfunktioner<\/li>\n<li>M\u00f6jlighet att s\u00f6ka f\u00f6reningens stipendier<\/li>\n<li>Information om konserter, kurser och workshops (ibland med rabatterat intr\u00e4de f\u00f6r medlemmar)<\/li>\n<li>Rabatt p\u00e5 noter fr\u00e5n Prima La Musica (www.primalamusica.com)<\/li>\n<li>M\u00f6jlighet att medverka i tidig musik-kv\u00e4llar, kurser, m\u00e4starklasser mm som f\u00f6reningen arrangerar.<\/li>\n<\/ul>\n<h3><strong>Andra priser<\/strong><\/h3>\n<p>F\u00f6r medlemmar under 26 \u00e5r och f\u00f6r studerande: <strong>250 SEK<\/strong>,<\/p>\n<p>Portotill\u00e4gg f\u00f6r utomlands bosatta: <strong>250 \u00a0SEK<\/strong>.<\/p>\n<p>(Du f\u00e5r g\u00e4rna\u00a0betala extra\u00a0f\u00f6r att\u00a0st\u00f6dja v\u00e5r verksamhet mer!)<\/p>\n<h3><strong>Om databehandling<\/strong><\/h3>\n<p>N\u00e4r du blir medlem godk\u00e4nner du att de uppgifter du anger h\u00e4r registreras i v\u00e5rt medlemsregister. V\u00e5rt medlemsregister \u00e4r s\u00f6kbart f\u00f6r, och endast f\u00f6r, medlemmar som loggat in p\u00e5 hemsidan, f\u00f6r att dessa ska kunna hitta t.ex. spelkompisar p\u00e5 samma ort. Om du inte vill att andra medlemmar ska kunna se ditt namn och din adress ber vi dig ange detta i Kommentars-f\u00e4ltet.<\/p>\n","protected":false},"excerpt":{"rendered":"<p>Med samma anm\u00e4lan blir du medlem i F\u00f6reningen f\u00f6r Tidig Musik och f\u00e5r fyra nummer av tidskriften Tidig Musik. Fyll i formul\u00e4ret p\u00e5 denna sida, och betala d\u00e4refter medlemsavgiften p\u00e5 395 SEK\u00a0till Plus-Giro\u00a0834 98 45-1, ange ditt namn i kommentarsf\u00e4ltet. Du f\u00e5r ditt f\u00f6rsta nummer av\u00a0Tidig Musik s\u00e5 snart som vi f\u00e5tt din betalning. Det h\u00e4r f\u00e5r du som medlem Tidskriften Tidig Musik, 4 nummer\/\u00e5r, inklusive\u00a0information om sommarkurser i tidig musik runt om i Europa Tillg\u00e5ng till hemsidans medlemsfunktioner M\u00f6jlighet att s\u00f6ka f\u00f6reningens stipendier Information om konserter, kurser och workshops (ibland med rabatterat intr\u00e4de f\u00f6r medlemmar) Rabatt p\u00e5 noter fr\u00e5n<\/p>\n","protected":false},"author":5,"featured_media":0,"parent":0,"menu_order":0,"comment_status":"open","ping_status":"closed","template":"prenumerera.php","meta":{"_acf_changed":false,"_monsterinsights_skip_tracking":false,"_monsterinsights_sitenote_active":false,"_monsterinsights_sitenote_note":"","_monsterinsights_sitenote_category":0,"footnotes":""},"class_list":["post-535","page","type-page","status-publish","hentry"],"acf":[],"_links":{"self":[{"href":"https:\/\/fftm.se\/blogg\/wp-json\/wp\/v2\/pages\/535","targetHints":{"allow":["GET"]}}],"collection":[{"href":"https:\/\/fftm.se\/blogg\/wp-json\/wp\/v2\/pages"}],"about":[{"href":"https:\/\/fftm.se\/blogg\/wp-json\/wp\/v2\/types\/page"}],"author":[{"embeddable":true,"href":"https:\/\/fftm.se\/blogg\/wp-json\/wp\/v2\/users\/5"}],"replies":[{"embeddable":true,"href":"https:\/\/fftm.se\/blogg\/wp-json\/wp\/v2\/comments?post=535"}],"version-history":[{"count":10,"href":"https:\/\/fftm.se\/blogg\/wp-json\/wp\/v2\/pages\/535\/revisions"}],"predecessor-version":[{"id":2169,"href":"https:\/\/fftm.se\/blogg\/wp-json\/wp\/v2\/pages\/535\/revisions\/2169"}],"wp:attachment":[{"href":"https:\/\/fftm.se\/blogg\/wp-json\/wp\/v2\/media?parent=535"}],"curies":[{"name":"wp","href":"https:\/\/api.w.org\/{rel}","templated":true}]}}