{"id":49,"date":"2014-12-18T21:59:42","date_gmt":"2014-12-18T20:59:42","guid":{"rendered":"http:\/\/wilhelmw.se\/fftm\/?page_id=49"},"modified":"2026-02-12T13:07:26","modified_gmt":"2026-02-12T12:07:26","slug":"om-tidskriften","status":"publish","type":"page","link":"https:\/\/fftm.se\/blogg\/tidskriften\/om-tidskriften\/","title":{"rendered":"Om tidskriften"},"content":{"rendered":"<p><b>Tidskriften TIDIG MUSIK<\/b> utkommer fyra g\u00e5nger per \u00e5r\u00a0och speglar det som h\u00e4nder inom tidig musik-livet. H\u00e4r finns intervjuer med och artiklar av artister, forskare, pedagoger, producenter och andra aktiva inom den tidiga musiken. \u00c5terkommande\u00a0inslag \u00e4r en skivkr\u00f6nika, festivalinformation, konsertkalendarium och, i \u00e5rets f\u00f6rsta nummer, en kurskatalog.<\/p>\n<p style=\"text-align: left;\">Ansvarig utgivare f\u00f6r tidskriften Tidig Musik \u00e4r Sven Ove Hansson.<\/p>\n<h2><strong>Utgivning 2026-2027<\/strong><\/h2>\n<div>\n<table id=\"tablepress-10\" class=\"tablepress tablepress-id-10\">\n<thead>\n<tr class=\"row-1\">\n\t<th class=\"column-1\">Nummer<\/th><th class=\"column-2\">Manusstopp<\/th><th class=\"column-3\">Utgivningsdatum<\/th>\n<\/tr>\n<\/thead>\n<tbody class=\"row-striping row-hover\">\n<tr class=\"row-2\">\n\t<td class=\"column-1\">Tidig Musik 1\/2026<\/td><td class=\"column-2\">29 januari 2026<\/td><td class=\"column-3\">12 mars 2026<\/td>\n<\/tr>\n<tr class=\"row-3\">\n\t<td class=\"column-1\">Tidig Musik 2\/2026<\/td><td class=\"column-2\">9 april 2026<\/td><td class=\"column-3\">21 maj 2026<\/td>\n<\/tr>\n<tr class=\"row-4\">\n\t<td class=\"column-1\">Tidig Musik 3\/2026<\/td><td class=\"column-2\">30 juli 2026<\/td><td class=\"column-3\">10 september 2026<\/td>\n<\/tr>\n<tr class=\"row-5\">\n\t<td class=\"column-1\">Tidig Musik 4\/2026<\/td><td class=\"column-2\">15 oktober 2026<\/td><td class=\"column-3\">26 november 2026<\/td>\n<\/tr>\n<tr class=\"row-6\">\n\t<td class=\"column-1\">Tidig Musik 1\/2027<\/td><td class=\"column-2\">28 januari 2027<\/td><td class=\"column-3\">11 mars 2027<\/td>\n<\/tr>\n<tr class=\"row-7\">\n\t<td class=\"column-1\">Tidig Musik 2\/2027<\/td><td class=\"column-2\">8 april 2027<\/td><td class=\"column-3\">20 maj 2027<\/td>\n<\/tr>\n<tr class=\"row-8\">\n\t<td class=\"column-1\">Tidig Musik 3\/2027<\/td><td class=\"column-2\">29 juli 2027<\/td><td class=\"column-3\">9 september 2027<\/td>\n<\/tr>\n<tr class=\"row-9\">\n\t<td class=\"column-1\">Tidig Musik 4\/2027<\/td><td class=\"column-2\">14 oktober 2027<\/td><td class=\"column-3\">25 november 2027<\/td>\n<\/tr>\n<\/tbody>\n<\/table>\n<!-- #tablepress-10 from cache --><\/div>\n<p style=\"text-align: center;\"><a class=\"button--cta\" href=\"http:\/\/fftm.se\/blogg\/prenumerera\/\">Prenumerera p\u00e5 tidskriften Tidig Musik<\/a><\/p>\n","protected":false},"excerpt":{"rendered":"<p>Tidskriften TIDIG MUSIK utkommer fyra g\u00e5nger per \u00e5r\u00a0och speglar det som h\u00e4nder inom tidig musik-livet. H\u00e4r finns intervjuer med och artiklar av artister, forskare, pedagoger, producenter och andra aktiva inom den tidiga musiken. \u00c5terkommande\u00a0inslag \u00e4r en skivkr\u00f6nika, festivalinformation, konsertkalendarium och, i \u00e5rets f\u00f6rsta nummer, en kurskatalog. Ansvarig utgivare f\u00f6r tidskriften Tidig Musik \u00e4r Sven Ove Hansson. Utgivning 2026-2027 Prenumerera p\u00e5 tidskriften Tidig Musik<\/p>\n","protected":false},"author":5,"featured_media":0,"parent":78,"menu_order":2,"comment_status":"open","ping_status":"closed","template":"","meta":{"_acf_changed":false,"_monsterinsights_skip_tracking":false,"_monsterinsights_sitenote_active":false,"_monsterinsights_sitenote_note":"","_monsterinsights_sitenote_category":0,"footnotes":""},"class_list":["post-49","page","type-page","status-publish","hentry"],"acf":[],"_links":{"self":[{"href":"https:\/\/fftm.se\/blogg\/wp-json\/wp\/v2\/pages\/49","targetHints":{"allow":["GET"]}}],"collection":[{"href":"https:\/\/fftm.se\/blogg\/wp-json\/wp\/v2\/pages"}],"about":[{"href":"https:\/\/fftm.se\/blogg\/wp-json\/wp\/v2\/types\/page"}],"author":[{"embeddable":true,"href":"https:\/\/fftm.se\/blogg\/wp-json\/wp\/v2\/users\/5"}],"replies":[{"embeddable":true,"href":"https:\/\/fftm.se\/blogg\/wp-json\/wp\/v2\/comments?post=49"}],"version-history":[{"count":36,"href":"https:\/\/fftm.se\/blogg\/wp-json\/wp\/v2\/pages\/49\/revisions"}],"predecessor-version":[{"id":2155,"href":"https:\/\/fftm.se\/blogg\/wp-json\/wp\/v2\/pages\/49\/revisions\/2155"}],"up":[{"embeddable":true,"href":"https:\/\/fftm.se\/blogg\/wp-json\/wp\/v2\/pages\/78"}],"wp:attachment":[{"href":"https:\/\/fftm.se\/blogg\/wp-json\/wp\/v2\/media?parent=49"}],"curies":[{"name":"wp","href":"https:\/\/api.w.org\/{rel}","templated":true}]}}