{"id":40,"date":"2014-12-18T18:52:09","date_gmt":"2014-12-18T17:52:09","guid":{"rendered":"http:\/\/wilhelmw.se\/fftm\/?page_id=40"},"modified":"2024-04-29T10:30:57","modified_gmt":"2024-04-29T09:30:57","slug":"stipendier-och-bidrag","status":"publish","type":"page","link":"https:\/\/fftm.se\/blogg\/foreningen\/stipendier-och-bidrag\/","title":{"rendered":"Stipendier och bidrag"},"content":{"rendered":"<p>F\u00f6reningen delar varje \u00e5r ut ett eller flera stipendier och\/eller resebidrag till unga lovande musiker som ett ekonomiskt bidrag till fortsatta studier i olika former inom eller utanf\u00f6r Sverige. \u00c4ven icke medlemmar kan tilldelas stipendium. Dessa bjuds d\u00e4rvid p\u00e5 f\u00f6rsta \u00e5rets medlemskap. <a href=\"http:\/\/media.fftm.se\/2014\/12\/stipendieregler.pdf\" target=\"_blank\" rel=\"noopener noreferrer\">Klicka h\u00e4r f\u00f6r fullst\u00e4ndiga regler f\u00f6r stipendiet.<\/a> (PDF-fil)<\/p>\n<p>Kurs\/resebidrag kan utdelas till en eller flera av f\u00f6reningens medlemmar f\u00f6r deltagande i t.ex. sommarkurser. Kursbidraget \u00e4r inte \u00e5ldersrelaterat.<\/p>\n<p>Eftersom f\u00f6reningens ekonomi \u00e4r v\u00e4ldigt blygsam brukar vi bara kunna dela n\u00e5gra f\u00e5 stipendier\/resebidrag om upp till max 5.000 kronor. Bidragen kan allts\u00e5 inte finansiera n\u00e5gra l\u00e4ngre studier, men f\u00f6rhoppningsvis underl\u00e4tta deltagande i t.ex. en sommarkurs eller veckoslutsworkshop.<\/p>\n<p>F\u00f6r att f\u00f6renkla ans\u00f6kandet finns h\u00e4r tv\u00e5 ans\u00f6kningsblanketter, en f\u00f6r stipendiet och en f\u00f6r kurs\/resebidraget.<\/p>\n<p><strong>Sista ans\u00f6kningsdag \u00e4r 1 april<\/strong> samma \u00e5r pengarna \u00f6nskas anv\u00e4ndas.<\/p>\n<p>Du ans\u00f6ker om stipendium och kurs\/resebidrag online.<\/p>\n<h3><strong>S\u00e5 h\u00e4r g\u00f6r du:<\/strong><\/h3>\n<p>1. <a href=\"http:\/\/fftm.se\/blogg\/stipendieansokan\/\">Blankett f\u00f6r stipendieans\u00f6kning<\/a>. Denna anv\u00e4nder du \u00e4ven om du v\u00e4ljer att s\u00f6ka b\u00e5de rese\/kursbidrag OCH stipendium.<\/p>\n<p>2. <a href=\"http:\/\/fftm.se\/blogg\/kursbidrag\/\">Blankett f\u00f6r kurs\/resebidrag<\/a>.<\/p>\n<p>3. Har du fr\u00e5gor? Tveka inte att kontakta kansliet eller f\u00f6reningens ordf\u00f6rande (<a href=\"mailto:ordforande.tidigmusik@gmail.com\">ordforande.tidigmusik@gmail.com<\/a>). &#8211; alla fr\u00e5gor f\u00f6rs\u00f6ker vi besvara!<\/p>\n<p>4. N\u00e4r du har skickat din ans\u00f6kan f\u00e5r du ett bekr\u00e4ftelsemejl p\u00e5 att ans\u00f6kan har skickats.<\/p>\n<p><strong>Lycka till med din ans\u00f6kan!<\/strong><\/p>\n<h3>Donation fr\u00e5n Joculatores Upsalienses<\/h3>\n<p>Under 2024 mottog F\u00f6reningen f\u00f6r Tidig Musik en gener\u00f6s donation fr\u00e5n Joculatores Upsalienses f\u00f6r att st\u00f6dja stipendieverksamheten, och fr\u00e5n och med 2025 delas stipendier och bidrag ut med hj\u00e4lp av detta st\u00f6d. Donationen best\u00e5r dels av en eng\u00e5ngssumma, men \u00e4ven en \u00f6verl\u00e5telse av royalties fr\u00e5n Joculatores inspelningar som kommer skapa ett kontinuerligt tillskott.<\/p>\n<p><strong>Om Joculatores och deras musik<\/strong><\/p>\n<p>N\u00e4r Joculatores i slutet av 60-talet b\u00f6rjade bli k\u00e4nda lite varstans i Sverige var det delvis genom att de introducerade ett nytt s\u00e4tt att umg\u00e5s med b\u00e5de publik och musik. De f\u00f6rsta framtr\u00e4dandena skedde inom Uppsala nationslivs ram, och det studentikosa kom att bli ett k\u00e4nnem\u00e4rke utan att d\u00e4rf\u00f6r kraven p\u00e5 \u00e4kthet kom i kl\u00e4m. P\u00e5 konserterna presenterades de f\u00f6r gemene man exotiska instrumenten utf\u00f6rligt och man ber\u00e4ttade om musiken och om s\u00e5ngtexternas inneh\u00e5ll p\u00e5 ett l\u00e4ttsamt och humoristiskt s\u00e4tt, ofta med inslag av gyckel och narruppt\u00e5g. Under de 40 \u00e5r som Joculatores har varit verksamma, med skolkonserter runtom i Sverige, ett flertal turneer utomlands, konserter i slott och museer, framf\u00f6randen av kyrkomusik fr\u00e5n medeltid och ren\u00e4ssans och med radio\/TV \u2013 och skivinspelningar har gruppen bidragit till att sprida intresse f\u00f6r de \u00e4ldre tidernas musik.<\/p>\n","protected":false},"excerpt":{"rendered":"<p>F\u00f6reningen delar varje \u00e5r ut ett eller flera stipendier och\/eller resebidrag till unga lovande musiker som ett ekonomiskt bidrag till fortsatta studier i olika former inom eller utanf\u00f6r Sverige. \u00c4ven icke medlemmar kan tilldelas stipendium. Dessa bjuds d\u00e4rvid p\u00e5 f\u00f6rsta \u00e5rets medlemskap. Klicka h\u00e4r f\u00f6r fullst\u00e4ndiga regler f\u00f6r stipendiet. (PDF-fil) Kurs\/resebidrag kan utdelas till en eller flera av f\u00f6reningens medlemmar f\u00f6r deltagande i t.ex. sommarkurser. Kursbidraget \u00e4r inte \u00e5ldersrelaterat. Eftersom f\u00f6reningens ekonomi \u00e4r v\u00e4ldigt blygsam brukar vi bara kunna dela n\u00e5gra f\u00e5 stipendier\/resebidrag om upp till max 5.000 kronor. Bidragen kan allts\u00e5 inte finansiera n\u00e5gra l\u00e4ngre studier, men f\u00f6rhoppningsvis underl\u00e4tta<\/p>\n","protected":false},"author":5,"featured_media":0,"parent":74,"menu_order":4,"comment_status":"open","ping_status":"closed","template":"stipendium.php","meta":{"_acf_changed":false,"_monsterinsights_skip_tracking":false,"_monsterinsights_sitenote_active":false,"_monsterinsights_sitenote_note":"","_monsterinsights_sitenote_category":0,"footnotes":""},"class_list":["post-40","page","type-page","status-publish","hentry"],"acf":[],"_links":{"self":[{"href":"https:\/\/fftm.se\/blogg\/wp-json\/wp\/v2\/pages\/40","targetHints":{"allow":["GET"]}}],"collection":[{"href":"https:\/\/fftm.se\/blogg\/wp-json\/wp\/v2\/pages"}],"about":[{"href":"https:\/\/fftm.se\/blogg\/wp-json\/wp\/v2\/types\/page"}],"author":[{"embeddable":true,"href":"https:\/\/fftm.se\/blogg\/wp-json\/wp\/v2\/users\/5"}],"replies":[{"embeddable":true,"href":"https:\/\/fftm.se\/blogg\/wp-json\/wp\/v2\/comments?post=40"}],"version-history":[{"count":12,"href":"https:\/\/fftm.se\/blogg\/wp-json\/wp\/v2\/pages\/40\/revisions"}],"predecessor-version":[{"id":1903,"href":"https:\/\/fftm.se\/blogg\/wp-json\/wp\/v2\/pages\/40\/revisions\/1903"}],"up":[{"embeddable":true,"href":"https:\/\/fftm.se\/blogg\/wp-json\/wp\/v2\/pages\/74"}],"wp:attachment":[{"href":"https:\/\/fftm.se\/blogg\/wp-json\/wp\/v2\/media?parent=40"}],"curies":[{"name":"wp","href":"https:\/\/api.w.org\/{rel}","templated":true}]}}