{"id":21,"date":"2014-12-17T11:33:54","date_gmt":"2014-12-17T10:33:54","guid":{"rendered":"http:\/\/wilhelmw.se\/fftm\/?page_id=21"},"modified":"2025-06-13T08:15:59","modified_gmt":"2025-06-13T07:15:59","slug":"om-fftm","status":"publish","type":"page","link":"https:\/\/fftm.se\/blogg\/foreningen\/om-fftm\/","title":{"rendered":"Om FFTM"},"content":{"rendered":"<p><strong>F\u00f6reningens syfte \u00e4r att fr\u00e4mja intresset f\u00f6r den tidiga musiken<\/strong>, dvs i huvudsak musik fr\u00e5n medeltid, ren\u00e4ssans och barock. Vi verkar f\u00f6r att den tidiga musiken f\u00e5r utrymme i utbildningar och massmedia, samt att arrang\u00f6rer skall f\u00e5 ekonomiska m\u00f6jligheter att anordna konserter med tidig musik.<\/p>\n<p><strong>F\u00f6reningens verksamhet finansieras med medlemsavgifter och bidrag fr\u00e5n Kulturr\u00e5det<\/strong>, b\u00e5de f\u00f6r grundverksamheten som har st\u00f6d Amat\u00f6rkulturorganisation, och f\u00f6r tidskriften, som har st\u00f6d som kulturtidskrift.<\/p>\n<p><strong>F\u00f6reningen skapar tidig musik evenemang<\/strong> runt om i landet, dels i samarbete med festivaler och arrang\u00f6rer, dels i egen regi. Exempel p\u00e5 evenemang \u00e4r f\u00f6redrag, kurser, workshops, m\u00e4starklasser och tidig musik jam.<\/p>\n<p><strong>F\u00f6reningen \u00e4r utgivare av tidskriften <a title=\"Om tidskriften\" href=\"http:\/\/fftm.se\/blogg\/tidskriften\/om-tidskriften\/\">Tidig Musik<\/a><\/strong>. I den finns aktuella artiklar om artister, instrument, forskning och uppf\u00f6randepraxis, skiv- och boktips. Vill Du k\u00f6pa instrument, noter, skivor och b\u00f6cker inom omr\u00e5det s\u00e5 finner du annonser och erbjudanden i Tidig Musik. Konsertkalendariet tar upp konserter med tidig musik i hela Sverige.<\/p>\n<p><strong>F\u00f6reningens hemsida inneh\u00e5ller ett flertal medlemsfunktioner<\/strong>, bland annat ett dagsf\u00e4rskt <a href=\"http:\/\/www.fftm.se\/cgi-bin\/kalendarium\/visa_kalendarium.py\">kalendarium<\/a> d\u00e4r du som medlem sj\u00e4lv kan f\u00f6ra in dina konserter och ocks\u00e5 prenumerera p\u00e5 kalendarieuppgifter till din e-postadress. Vidare finns m\u00f6jlighet att l\u00e4gga in gratis radannonser, ett s\u00f6kbart artikelregister och ett s\u00f6kbart medlemsregister.<\/p>\n<p><strong>F\u00f6reningens delar varje \u00e5r ut\u00a0<a title=\"\u00c5rets Mungiga\" href=\"http:\/\/fftm.se\/blogg\/foreningen\/arets-mungiga\/\">mungigan<\/a><\/strong>, en hedersutm\u00e4rkelse till en betydelsefull representant f\u00f6r den tidiga musiken.<\/p>\n<p><strong>F\u00f6reningen har m\u00e5nga aktiva medlemmar<\/strong> ute i landet som anordnar kurser, konserter, speltr\u00e4ffar m m. I V\u00e4stsverige finns en lokalsektion vars ordf\u00f6rande, Torsten Nordander, kan n\u00e5s p\u00e5 telefon 031-413 244.<\/p>\n<p><strong>F\u00f6reningen leds av en styrelse\u00a0vald av medlemmarna<\/strong>. Den nuvarande ordf\u00f6randen \u00e4r Suzanne Persson, som kan n\u00e5s p\u00e5 <a title=\"ordforande.tidigmusik@gmail.com\" href=\"mailto:ordforande.tidigmusik@gmail.com\">ordforande.tidigmusik@gmail.com<\/a><\/p>\n\n<table id=\"tablepress-8\" class=\"tablepress tablepress-id-8\">\n<thead>\n<tr class=\"row-1\">\n\t<th class=\"column-1\">Namn<\/th><th class=\"column-2\">Stad<\/th>\n<\/tr>\n<\/thead>\n<tbody class=\"row-striping row-hover\">\n<tr class=\"row-2\">\n\t<td class=\"column-1\"><strong>Ordf\u00f6rande<\/strong><\/td><td class=\"column-2\"><\/td>\n<\/tr>\n<tr class=\"row-3\">\n\t<td class=\"column-1\">Suzanne Persson<\/td><td class=\"column-2\">Tullinge<\/td>\n<\/tr>\n<tr class=\"row-4\">\n\t<td class=\"column-1\"><strong>Vice Ordf\u00f6rande<\/strong><\/td><td class=\"column-2\"><\/td>\n<\/tr>\n<tr class=\"row-5\">\n\t<td class=\"column-1\">Iris Ridder<\/td><td class=\"column-2\">Ume\u00e5<\/td>\n<\/tr>\n<tr class=\"row-6\">\n\t<td class=\"column-1\"><strong>Sekreterare<\/strong><\/td><td class=\"column-2\"><\/td>\n<\/tr>\n<tr class=\"row-7\">\n\t<td class=\"column-1\">Gustav N\u00e4sman Olai<\/td><td class=\"column-2\">Stockholm<\/td>\n<\/tr>\n<tr class=\"row-8\">\n\t<td class=\"column-1\"><strong>Kass\u00f6r<\/strong><\/td><td class=\"column-2\"><\/td>\n<\/tr>\n<tr class=\"row-9\">\n\t<td class=\"column-1\">Sven Ove Hansson<\/td><td class=\"column-2\">Bromma<\/td>\n<\/tr>\n<tr class=\"row-10\">\n\t<td class=\"column-1\"><strong>Ledam\u00f6ter<\/strong><\/td><td class=\"column-2\"><\/td>\n<\/tr>\n<tr class=\"row-11\">\n\t<td class=\"column-1\">Bernt Malmros<\/td><td class=\"column-2\">Helg\u00f6<\/td>\n<\/tr>\n<tr class=\"row-12\">\n\t<td class=\"column-1\">Mattias Eklund<\/td><td class=\"column-2\">K\u00e4vlinge<\/td>\n<\/tr>\n<tr class=\"row-13\">\n\t<td class=\"column-1\">Johan L\u00f6fving<\/td><td class=\"column-2\">Karlstad<\/td>\n<\/tr>\n<tr class=\"row-14\">\n\t<td class=\"column-1\">Torbj\u00f6rn K\u00f6hl<\/td><td class=\"column-2\">Link\u00f6ping<\/td>\n<\/tr>\n<tr class=\"row-15\">\n\t<td class=\"column-1\"><strong>Suppleanter<\/strong><\/td><td class=\"column-2\"><\/td>\n<\/tr>\n<tr class=\"row-16\">\n\t<td class=\"column-1\">Staffan Liljas<\/td><td class=\"column-2\">Leksand<\/td>\n<\/tr>\n<tr class=\"row-17\">\n\t<td class=\"column-1\">Danny Purtell<\/td><td class=\"column-2\">Lund<\/td>\n<\/tr>\n<\/tbody>\n<\/table>\n<!-- #tablepress-8 from cache -->\n<p><a href=\"http:\/\/www.fftm.se\/files\/stadgar.pdf\" target=\"_blank\" rel=\"noopener\">L\u00e4s f\u00f6reningens stadgar h\u00e4r!<\/a><\/p>\n<div class=\"centered\"><a class=\"button--cta\" href=\"http:\/\/fftm.se\/blogg\/prenumerera\/\">bli medlem idag!<\/a><\/div>\n","protected":false},"excerpt":{"rendered":"<p>F\u00f6reningens syfte \u00e4r att fr\u00e4mja intresset f\u00f6r den tidiga musiken, dvs i huvudsak musik fr\u00e5n medeltid, ren\u00e4ssans och barock. Vi verkar f\u00f6r att den tidiga musiken f\u00e5r utrymme i utbildningar och massmedia, samt att arrang\u00f6rer skall f\u00e5 ekonomiska m\u00f6jligheter att anordna konserter med tidig musik. F\u00f6reningens verksamhet finansieras med medlemsavgifter och bidrag fr\u00e5n Kulturr\u00e5det, b\u00e5de f\u00f6r grundverksamheten som har st\u00f6d Amat\u00f6rkulturorganisation, och f\u00f6r tidskriften, som har st\u00f6d som kulturtidskrift. F\u00f6reningen skapar tidig musik evenemang runt om i landet, dels i samarbete med festivaler och arrang\u00f6rer, dels i egen regi. Exempel p\u00e5 evenemang \u00e4r f\u00f6redrag, kurser, workshops, m\u00e4starklasser och tidig musik<\/p>\n","protected":false},"author":5,"featured_media":0,"parent":74,"menu_order":1,"comment_status":"open","ping_status":"closed","template":"","meta":{"_acf_changed":false,"_monsterinsights_skip_tracking":false,"_monsterinsights_sitenote_active":false,"_monsterinsights_sitenote_note":"","_monsterinsights_sitenote_category":0,"footnotes":""},"class_list":["post-21","page","type-page","status-publish","hentry"],"acf":[],"_links":{"self":[{"href":"https:\/\/fftm.se\/blogg\/wp-json\/wp\/v2\/pages\/21","targetHints":{"allow":["GET"]}}],"collection":[{"href":"https:\/\/fftm.se\/blogg\/wp-json\/wp\/v2\/pages"}],"about":[{"href":"https:\/\/fftm.se\/blogg\/wp-json\/wp\/v2\/types\/page"}],"author":[{"embeddable":true,"href":"https:\/\/fftm.se\/blogg\/wp-json\/wp\/v2\/users\/5"}],"replies":[{"embeddable":true,"href":"https:\/\/fftm.se\/blogg\/wp-json\/wp\/v2\/comments?post=21"}],"version-history":[{"count":10,"href":"https:\/\/fftm.se\/blogg\/wp-json\/wp\/v2\/pages\/21\/revisions"}],"predecessor-version":[{"id":2046,"href":"https:\/\/fftm.se\/blogg\/wp-json\/wp\/v2\/pages\/21\/revisions\/2046"}],"up":[{"embeddable":true,"href":"https:\/\/fftm.se\/blogg\/wp-json\/wp\/v2\/pages\/74"}],"wp:attachment":[{"href":"https:\/\/fftm.se\/blogg\/wp-json\/wp\/v2\/media?parent=21"}],"curies":[{"name":"wp","href":"https:\/\/api.w.org\/{rel}","templated":true}]}}