{"id":1103,"date":"2018-05-10T22:31:55","date_gmt":"2018-05-10T21:31:55","guid":{"rendered":"http:\/\/fftm.se\/blogg\/?page_id=1103"},"modified":"2024-04-29T10:37:35","modified_gmt":"2024-04-29T09:37:35","slug":"stipendieansokan","status":"publish","type":"page","link":"https:\/\/fftm.se\/blogg\/stipendieansokan\/","title":{"rendered":"Stipendieans\u00f6kan"},"content":{"rendered":"<div class=\"row\">\n<div class=\"col-1-2\">\n<h3>Till dig som s\u00f6ker stipendium<\/h3>\n<p>Det \u00e4r gl\u00e4djande f\u00f6r oss att du v\u00e4nder dig till oss f\u00f6r att ans\u00f6ka om stipendium! F\u00f6reningen f\u00f6r Tidig Musik arbetar sedan 1979 med att p\u00e5 m\u00e5nga olika s\u00e4tt stimulera och st\u00f6dja det tidiga musik livet i landet. FFTM vill g\u00f6ra det m\u00f6jligt f\u00f6r barn, ungdomar, vuxna, amat\u00f6rer, professionella, studenter, l\u00e4rare och andra intresserade att f\u00f6rkovra sig i \u00e4ldre epokers musik. I detta arbete \u00e4r FFTM:s stipendier en del.<\/p>\n<p>I det fall du tilldelas ett stipendium kommer du att n\u00e4mnas i tidskriften Tidig Musik. N\u00e4r det g\u00e4ller att bifoga bilagor \u00e4r det upp till dig sj\u00e4lv att v\u00e4lja hur du g\u00f6r det och vilka du bifogar. P\u00e5 anm\u00e4lningsblanketten finns f\u00f6rslag p\u00e5 bilagor, men du f\u00e5r sj\u00e4lv avg\u00f6ra vilka av dessa som \u00e4r mest relevanta och vilka som \u00e4r m\u00f6jliga f\u00f6r dig och din ans\u00f6kan. Lycka till med din ans\u00f6kan och med din f\u00f6rkovran i den tidiga musiken! styrelsen f\u00f6r F\u00f6reningen f\u00f6r Tidig Musik.<\/p>\n<h3>Villkor<\/h3>\n<ul>\n<li>Sista ans\u00f6kningsdatum \u00e4r <strong>1 april<\/strong>.<\/li>\n<li>S\u00e5v\u00e4l medlemmar som icke medlemmar kan s\u00f6ka stipendium, men stipendiet delas endast ut till s\u00f6kande som vid ans\u00f6kningstillf\u00e4llet \u00e4r <strong>under 30 \u00e5r gamla<\/strong>.<\/li>\n<li>Om du \u00e4r \u00f6ver 30 \u00e5r gammal och \u00e4r medlem,\u00a0kan du s\u00f6ka\u00a0<a href=\"http:\/\/fftm.se\/blogg\/kursbidrag\/\">kurs \/ resebidrag<\/a>\u00a0ist\u00e4llet.<\/li>\n<li>Om du s\u00f6ker b\u00e5de stipendium och kurs \/ resebidrag f\u00f6r samma syfte, \u00e4r det l\u00e4ttast att anv\u00e4nda denna blankett f\u00f6r b\u00e5da.<\/li>\n<li>Stipendiet utdelas i studiesyfte<\/li>\n<li>Notera vilka f\u00e4lt som \u00e4r obligatoriska i blanketten till h\u00f6ger.<\/li>\n<li><a href=\"http:\/\/media.fftm.se\/2014\/12\/stipendieregler.pdf\">Fullst\u00e4ndiga regler f\u00f6r stipendier.<\/a><\/li>\n<\/ul>\n<h3>Exempel p\u00e5 ekonomisk \u00f6versikt<\/h3>\n<p>Kursavgift: 2 000 kr<br \/>\nResa tor till kursen: 1 000 kr<br \/>\nBoende vandrarhem: 500 kr per natt, tv\u00e5 n\u00e4tter: 1 000 kr<br \/>\nTotalt: 4 000 kr<\/p>\n<h3>Donation fr\u00e5n Joculatores Upsalienses<\/h3>\n<p>Under 2024 mottog F\u00f6reningen f\u00f6r Tidig Musik en gener\u00f6s donation fr\u00e5n Joculatores Upsalienses f\u00f6r att st\u00f6dja stipendieverksamheten, och fr\u00e5n och med 2025 delas stipendier och bidrag ut med hj\u00e4lp av detta st\u00f6d. Donationen best\u00e5r dels av en eng\u00e5ngssumma, men \u00e4ven en \u00f6verl\u00e5telse av royalties fr\u00e5n Joculatores inspelningar som kommer skapa ett kontinuerligt tillskott.<\/p>\n<p><strong>Om Joculatores och deras musik<\/strong><\/p>\n<p>N\u00e4r Joculatores i slutet av 60-talet b\u00f6rjade bli k\u00e4nda lite varstans i Sverige var det delvis genom att de introducerade ett nytt s\u00e4tt att umg\u00e5s med b\u00e5de publik och musik. De f\u00f6rsta framtr\u00e4dandena skedde inom Uppsala nationslivs ram, och det studentikosa kom att bli ett k\u00e4nnem\u00e4rke utan att d\u00e4rf\u00f6r kraven p\u00e5 \u00e4kthet kom i kl\u00e4m. P\u00e5 konserterna presenterades de f\u00f6r gemene man exotiska instrumenten utf\u00f6rligt och man ber\u00e4ttade om musiken och om s\u00e5ngtexternas inneh\u00e5ll p\u00e5 ett l\u00e4ttsamt och humoristiskt s\u00e4tt, ofta med inslag av gyckel och narruppt\u00e5g. Under de 40 \u00e5r som Joculatores har varit verksamma, med skolkonserter runtom i Sverige, ett flertal turneer utomlands, konserter i slott och museer, framf\u00f6randen av kyrkomusik fr\u00e5n medeltid och ren\u00e4ssans och med radio\/TV \u2013 och skivinspelningar har gruppen bidragit till att sprida intresse f\u00f6r de \u00e4ldre tidernas musik.<\/p>\n<\/div>\n<div class=\"col-1-2\">\n\n<div class=\"wpcf7 no-js\" id=\"wpcf7-f1102-o1\" lang=\"sv-SE\" dir=\"ltr\" data-wpcf7-id=\"1102\">\n<div class=\"screen-reader-response\"><p role=\"status\" aria-live=\"polite\" aria-atomic=\"true\"><\/p> <ul><\/ul><\/div>\n<form action=\"\/blogg\/wp-json\/wp\/v2\/pages\/1103#wpcf7-f1102-o1\" method=\"post\" class=\"wpcf7-form init\" aria-label=\"Kontaktformul\u00e4r\" enctype=\"multipart\/form-data\" novalidate=\"novalidate\" data-status=\"init\">\n<fieldset class=\"hidden-fields-container\"><input type=\"hidden\" name=\"_wpcf7\" value=\"1102\" \/><input type=\"hidden\" name=\"_wpcf7_version\" value=\"6.1.5\" \/><input type=\"hidden\" name=\"_wpcf7_locale\" value=\"sv_SE\" \/><input type=\"hidden\" name=\"_wpcf7_unit_tag\" value=\"wpcf7-f1102-o1\" \/><input type=\"hidden\" name=\"_wpcf7_container_post\" value=\"0\" \/><input type=\"hidden\" name=\"_wpcf7_posted_data_hash\" value=\"\" \/><input type=\"hidden\" name=\"_wpcf7_recaptcha_response\" value=\"\" \/>\n<\/fieldset>\n<h3 class=\"form__title\">Ans\u00f6kan om Stipendium\n<\/h3>\n<div class=\"prenumerera__form\">\n\t<p><label for=\"your-name\">Namn:<span>*<\/span><\/label><br \/>\n<span class=\"wpcf7-form-control-wrap\" data-name=\"your-name\"><input size=\"40\" maxlength=\"400\" class=\"wpcf7-form-control wpcf7-text wpcf7-validates-as-required\" aria-required=\"true\" aria-invalid=\"false\" value=\"\" type=\"text\" name=\"your-name\" \/><\/span>\n\t<\/p>\n\t<p><label for=\"gatuadress\">Fullst\u00e4ndig Postadress:<span>*<\/span><\/label><br \/>\n<span class=\"wpcf7-form-control-wrap\" data-name=\"gatuadress\"><textarea cols=\"40\" rows=\"4\" maxlength=\"2000\" class=\"wpcf7-form-control wpcf7-textarea wpcf7-validates-as-required\" aria-required=\"true\" aria-invalid=\"false\" name=\"gatuadress\"><\/textarea><\/span>\n\t<\/p>\n\t<p><label for=\"telefon\">Telefon:<\/label><br \/>\n<span class=\"wpcf7-form-control-wrap\" data-name=\"telefon\"><input size=\"40\" maxlength=\"400\" class=\"wpcf7-form-control wpcf7-text wpcf7-validates-as-required\" aria-required=\"true\" aria-invalid=\"false\" value=\"\" type=\"text\" name=\"telefon\" \/><\/span>\n\t<\/p>\n\t<p><label for=\"email\">Epost:<span>*<\/span><\/label><br \/>\n<span class=\"wpcf7-form-control-wrap\" data-name=\"your-email\"><input size=\"40\" maxlength=\"400\" class=\"wpcf7-form-control wpcf7-email wpcf7-validates-as-required wpcf7-text wpcf7-validates-as-email\" aria-required=\"true\" aria-invalid=\"false\" value=\"\" type=\"email\" name=\"your-email\" \/><\/span>\n\t<\/p>\n\t<p><label for=\"birthdate\">Ditt F\u00f6delsedatum:<span>*<\/span><\/label><br \/>\n<span class=\"wpcf7-form-control-wrap\" data-name=\"birthdate\"><input class=\"wpcf7-form-control wpcf7-date wpcf7-validates-as-required wpcf7-validates-as-date\" aria-required=\"true\" aria-invalid=\"false\" placeholder=\"\u00c5\u00c5\u00c5\u00c5-MM-DD\" value=\"\" type=\"date\" name=\"birthdate\" \/><\/span>\n\t<\/p>\n\t<p><label for=\"ljud-url-1\">Ljudinspelning (L\u00e4nk till Youtube, Vimeo, Soundcloud, etc):<span>*<\/span><\/label><br \/>\n<span class=\"wpcf7-form-control-wrap\" data-name=\"ljud-url-1\"><input size=\"40\" maxlength=\"400\" class=\"wpcf7-form-control wpcf7-url wpcf7-validates-as-required wpcf7-text wpcf7-validates-as-url\" aria-required=\"true\" aria-invalid=\"false\" value=\"\" type=\"url\" name=\"ljud-url-1\" \/><\/span>\n\t<\/p>\n\t<p><label for=\"ljud-url-2\">Ytterligare Ljudinspelning:<\/label><br \/>\n<span class=\"wpcf7-form-control-wrap\" data-name=\"ljud-url-2\"><input size=\"40\" maxlength=\"400\" class=\"wpcf7-form-control wpcf7-url wpcf7-text wpcf7-validates-as-url\" aria-invalid=\"false\" value=\"\" type=\"url\" name=\"ljud-url-2\" \/><\/span>\n\t<\/p>\n\t<p><label for=\"varfor\"><b>Varf\u00f6r s\u00f6ker du FFTMs stipendium:<span>*<\/span><\/b><\/label><br \/>\n<span class=\"wpcf7-form-control-wrap\" data-name=\"varfor\"><textarea cols=\"80\" rows=\"5\" maxlength=\"2000\" class=\"wpcf7-form-control wpcf7-textarea wpcf7-validates-as-required\" aria-required=\"true\" aria-invalid=\"false\" name=\"varfor\"><\/textarea><\/span>\n\t<\/p>\n\t<p><label for=\"leda-till\">Vad tror du att detta kommer leda till:<span>*<\/span><\/label><br \/>\n<span class=\"wpcf7-form-control-wrap\" data-name=\"leda-till\"><textarea cols=\"80\" rows=\"5\" maxlength=\"2000\" class=\"wpcf7-form-control wpcf7-textarea wpcf7-validates-as-required\" aria-required=\"true\" aria-invalid=\"false\" name=\"leda-till\"><\/textarea><\/span>\n\t<\/p>\n\t<p><label>Ekonomisk \u00f6versikt av syftet:<span>*<\/span><\/label><br \/>\n<span class=\"wpcf7-form-control-wrap\" data-name=\"ekonomi\"><textarea cols=\"80\" rows=\"5\" maxlength=\"2000\" class=\"wpcf7-form-control wpcf7-textarea wpcf7-validates-as-required\" aria-required=\"true\" aria-invalid=\"false\" name=\"ekonomi\"><\/textarea><\/span>\n\t<\/p>\n\t<p><label>Kortfattat CV (PDF, Word, Text):<\/label><br \/>\n<span class=\"wpcf7-form-control-wrap\" data-name=\"cv\"><input size=\"40\" class=\"wpcf7-form-control wpcf7-file\" accept=\".pdf,.doc,.txt\" aria-invalid=\"false\" type=\"file\" name=\"cv\" \/><\/span>\n\t<\/p>\n\t<p><label for=\"rekommendation\">Rekommendationsbrev (PDF, Word, Text):<\/label><br \/>\n<span class=\"wpcf7-form-control-wrap\" data-name=\"rekommendation\"><input size=\"40\" class=\"wpcf7-form-control wpcf7-file\" accept=\".pdf,.doc,.txt\" aria-invalid=\"false\" type=\"file\" name=\"rekommendation\" \/><\/span>\n\t<\/p>\n\t<p><label for=\"antagningsbevis\">Antagningsbevis till kurs mm. (PDF, Word, Text):<\/label><br \/>\n<span class=\"wpcf7-form-control-wrap\" data-name=\"antagningsbevis\"><input size=\"40\" class=\"wpcf7-form-control wpcf7-file\" accept=\".pdf,.doc,.txt\" aria-invalid=\"false\" type=\"file\" name=\"antagningsbevis\" \/><\/span>\n\t<\/p>\n\t<p><label for=\"annat\">Annan Information:<\/label><br \/>\n<span class=\"wpcf7-form-control-wrap\" data-name=\"annat\"><textarea cols=\"80\" rows=\"5\" maxlength=\"2000\" class=\"wpcf7-form-control wpcf7-textarea wpcf7-validates-as-required\" aria-required=\"true\" aria-invalid=\"false\" name=\"annat\"><\/textarea><\/span>\n\t<\/p>\n\t<p><label for=\"kursbidrag\">\u00c4r du medlem i FFTM och vill komma i \u00e5tanke f\u00f6r kurs \/ resebidrag ocks\u00e5?<\/label><br \/>\n<span class=\"wpcf7-form-control-wrap\" data-name=\"kursbidrag\"><span class=\"wpcf7-form-control wpcf7-radio\"><span class=\"wpcf7-list-item first\"><input type=\"radio\" name=\"kursbidrag\" value=\"Nej, jag \u00e4r inte medlem, eller v\u00e4ljer att endast s\u00f6ka stipendium.\" checked=\"checked\" \/><span class=\"wpcf7-list-item-label\">Nej, jag \u00e4r inte medlem, eller v\u00e4ljer att endast s\u00f6ka stipendium.<\/span><\/span><span class=\"wpcf7-list-item last\"><input type=\"radio\" name=\"kursbidrag\" value=\"Ja, jag \u00e4r medlem och s\u00f6ker \u00e4ven kurs\/resebidrag.\" \/><span class=\"wpcf7-list-item-label\">Ja, jag \u00e4r medlem och s\u00f6ker \u00e4ven kurs\/resebidrag.<\/span><\/span><\/span><\/span>\n\t<\/p>\n\t<p><input class=\"wpcf7-form-control wpcf7-submit has-spinner\" type=\"submit\" value=\"Skicka\" \/>\n\t<\/p>\n\t<p><label><span>*<\/span> markerar ett f\u00e4lt som m\u00e5ste fyllas i.<\/label>\n\t<\/p>\n<\/div><div class=\"wpcf7-response-output\" aria-hidden=\"true\"><\/div>\n<\/form>\n<\/div>\n\n<\/div>\n<\/div>\n","protected":false},"excerpt":{"rendered":"<p>Till dig som s\u00f6ker stipendium Det \u00e4r gl\u00e4djande f\u00f6r oss att du v\u00e4nder dig till oss f\u00f6r att ans\u00f6ka om stipendium! F\u00f6reningen f\u00f6r Tidig Musik arbetar sedan 1979 med att p\u00e5 m\u00e5nga olika s\u00e4tt stimulera och st\u00f6dja det tidiga musik livet i landet. FFTM vill g\u00f6ra det m\u00f6jligt f\u00f6r barn, ungdomar, vuxna, amat\u00f6rer, professionella, studenter, l\u00e4rare och andra intresserade att f\u00f6rkovra sig i \u00e4ldre epokers musik. I detta arbete \u00e4r FFTM:s stipendier en del. I det fall du tilldelas ett stipendium kommer du att n\u00e4mnas i tidskriften Tidig Musik. N\u00e4r det g\u00e4ller att bifoga bilagor \u00e4r det upp till dig<\/p>\n","protected":false},"author":1,"featured_media":0,"parent":0,"menu_order":0,"comment_status":"closed","ping_status":"closed","template":"","meta":{"_acf_changed":false,"_monsterinsights_skip_tracking":false,"_monsterinsights_sitenote_active":false,"_monsterinsights_sitenote_note":"","_monsterinsights_sitenote_category":0,"footnotes":""},"class_list":["post-1103","page","type-page","status-publish","hentry"],"acf":[],"_links":{"self":[{"href":"https:\/\/fftm.se\/blogg\/wp-json\/wp\/v2\/pages\/1103","targetHints":{"allow":["GET"]}}],"collection":[{"href":"https:\/\/fftm.se\/blogg\/wp-json\/wp\/v2\/pages"}],"about":[{"href":"https:\/\/fftm.se\/blogg\/wp-json\/wp\/v2\/types\/page"}],"author":[{"embeddable":true,"href":"https:\/\/fftm.se\/blogg\/wp-json\/wp\/v2\/users\/1"}],"replies":[{"embeddable":true,"href":"https:\/\/fftm.se\/blogg\/wp-json\/wp\/v2\/comments?post=1103"}],"version-history":[{"count":14,"href":"https:\/\/fftm.se\/blogg\/wp-json\/wp\/v2\/pages\/1103\/revisions"}],"predecessor-version":[{"id":1908,"href":"https:\/\/fftm.se\/blogg\/wp-json\/wp\/v2\/pages\/1103\/revisions\/1908"}],"wp:attachment":[{"href":"https:\/\/fftm.se\/blogg\/wp-json\/wp\/v2\/media?parent=1103"}],"curies":[{"name":"wp","href":"https:\/\/api.w.org\/{rel}","templated":true}]}}